{"id":16810,"date":"2022-01-24T17:48:22","date_gmt":"2022-01-24T16:48:22","guid":{"rendered":"https:\/\/baumgarten-bootsbau.de\/sitemap\/"},"modified":"2022-03-10T15:22:27","modified_gmt":"2022-03-10T14:22:27","slug":"sitemap","status":"publish","type":"page","link":"https:\/\/baumgarten-bootsbau.de\/da\/sitemap\/","title":{"rendered":"Sitemap"},"content":{"rendered":"\t\t<div data-elementor-type=\"wp-page\" data-elementor-id=\"16810\" class=\"elementor elementor-16810 elementor-14466\" data-elementor-post-type=\"page\">\n\t\t\t\t\t\t<section class=\"elementor-section elementor-top-section elementor-element elementor-element-37e8625 elementor-section-boxed elementor-section-height-default elementor-section-height-default\" data-id=\"37e8625\" data-element_type=\"section\" data-e-type=\"section\" data-settings=\"{&quot;jet_parallax_layout_list&quot;:[{&quot;jet_parallax_layout_image&quot;:{&quot;url&quot;:&quot;&quot;,&quot;id&quot;:&quot;&quot;,&quot;size&quot;:&quot;&quot;},&quot;_id&quot;:&quot;8114496&quot;,&quot;jet_parallax_layout_image_tablet&quot;:{&quot;url&quot;:&quot;&quot;,&quot;id&quot;:&quot;&quot;,&quot;size&quot;:&quot;&quot;},&quot;jet_parallax_layout_image_mobile&quot;:{&quot;url&quot;:&quot;&quot;,&quot;id&quot;:&quot;&quot;,&quot;size&quot;:&quot;&quot;},&quot;jet_parallax_layout_speed&quot;:{&quot;unit&quot;:&quot;%&quot;,&quot;size&quot;:50,&quot;sizes&quot;:[]},&quot;jet_parallax_layout_type&quot;:&quot;scroll&quot;,&quot;jet_parallax_layout_direction&quot;:&quot;1&quot;,&quot;jet_parallax_layout_fx_direction&quot;:null,&quot;jet_parallax_layout_z_index&quot;:&quot;&quot;,&quot;jet_parallax_layout_bg_x&quot;:50,&quot;jet_parallax_layout_bg_x_tablet&quot;:&quot;&quot;,&quot;jet_parallax_layout_bg_x_mobile&quot;:&quot;&quot;,&quot;jet_parallax_layout_bg_y&quot;:50,&quot;jet_parallax_layout_bg_y_tablet&quot;:&quot;&quot;,&quot;jet_parallax_layout_bg_y_mobile&quot;:&quot;&quot;,&quot;jet_parallax_layout_bg_size&quot;:&quot;auto&quot;,&quot;jet_parallax_layout_bg_size_tablet&quot;:&quot;&quot;,&quot;jet_parallax_layout_bg_size_mobile&quot;:&quot;&quot;,&quot;jet_parallax_layout_animation_prop&quot;:&quot;transform&quot;,&quot;jet_parallax_layout_on&quot;:[&quot;desktop&quot;,&quot;tablet&quot;]}]}\">\n\t\t\t\t\t\t<div class=\"elementor-container elementor-column-gap-default\">\n\t\t\t\t\t<div class=\"elementor-column elementor-col-100 elementor-top-column elementor-element elementor-element-bc02e56\" data-id=\"bc02e56\" data-element_type=\"column\" data-e-type=\"column\">\n\t\t\t<div class=\"elementor-widget-wrap elementor-element-populated\">\n\t\t\t\t\t\t<div class=\"elementor-element elementor-element-05cebcc elementor-widget elementor-widget-sitemap\" data-id=\"05cebcc\" data-element_type=\"widget\" data-e-type=\"widget\" data-widget_type=\"sitemap.default\">\n\t\t\t\t<div class=\"elementor-widget-container\">\n\t\t\t\t\t<div class=\"elementor-sitemap-wrap\"><div class=\"elementor-sitemap-section\"><h2 class=\"elementor-sitemap-title elementor-sitemap-page-title\">Seiten<\/h2><ul class=\"elementor-sitemap-list elementor-sitemap-page-list\"><li class=\"elementor-sitemap-item elementor-sitemap-item-page page_item page-item-21110\"><a href=\"https:\/\/baumgarten-bootsbau.de\/da\/udvidelsesvarianter\/skrog-i-kulstofsandwich-interioer-i-trae\/\">Skrog i kulstofsandwich, interi\u00f8r i tr\u00e6<\/a><\/li><li class=\"elementor-sitemap-item elementor-sitemap-item-page page_item page-item-17871\"><a href=\"https:\/\/baumgarten-bootsbau.de\/da\/baadraadgiver\/sikkerhed-i-robaaden\/\">Sikkerhed i rob\u00e5den<\/a><\/li><li class=\"elementor-sitemap-item elementor-sitemap-item-page page_item page-item-17796\"><a href=\"https:\/\/baumgarten-bootsbau.de\/da\/baadraadgiver\/whitehall-rojolle-robaad-for-alle\/\">Whitehall rojolle rob\u00e5d for alle<\/a><\/li><li class=\"elementor-sitemap-item elementor-sitemap-item-page page_item page-item-17810\"><a href=\"https:\/\/baumgarten-bootsbau.de\/da\/baadraadgiver\/gig-robaad-racing-robaad-hvad-er-forskellen\/\">gig rob\u00e5d racing rob\u00e5d hvad er forskellen<\/a><\/li><li class=\"elementor-sitemap-item elementor-sitemap-item-page page_item page-item-16816\"><a href=\"https:\/\/baumgarten-bootsbau.de\/da\/mediathek\/\">Mediathek<\/a><\/li><li class=\"elementor-sitemap-item elementor-sitemap-item-page page_item page-item-15930\"><a href=\"https:\/\/baumgarten-bootsbau.de\/da\/rullesaeder\/tilbehoer\/\">Tilbeh\u00f8r<\/a><\/li><li class=\"elementor-sitemap-item elementor-sitemap-item-page page_item page-item-15935\"><a href=\"https:\/\/baumgarten-bootsbau.de\/da\/rullesaeder\/sculleraarer\/\">sculler\u00e5rer<\/a><\/li><li class=\"elementor-sitemap-item elementor-sitemap-item-page page_item page-item-15913\"><a href=\"https:\/\/baumgarten-bootsbau.de\/da\/rullesaeder\/rigge\/\">rigge<\/a><\/li><li class=\"elementor-sitemap-item elementor-sitemap-item-page page_item page-item-15933\"><a href=\"https:\/\/baumgarten-bootsbau.de\/da\/rullesaeder\/styring-saeder\/\">Styring\/s\u00e6der<\/a><\/li><li class=\"elementor-sitemap-item elementor-sitemap-item-page page_item page-item-15939\"><a href=\"https:\/\/baumgarten-bootsbau.de\/da\/rullesaeder\/spaendholte\/\">Sp\u00e6ndholte<\/a><\/li><li class=\"elementor-sitemap-item elementor-sitemap-item-page page_item page-item-15937\"><a href=\"https:\/\/baumgarten-bootsbau.de\/da\/rullesaeder\/\">Rulles\u00e6der<\/a><\/li><li class=\"elementor-sitemap-item elementor-sitemap-item-page page_item page-item-16810\"><a href=\"https:\/\/baumgarten-bootsbau.de\/da\/sitemap\/\">Sitemap<\/a><\/li><li class=\"elementor-sitemap-item elementor-sitemap-item-page page_item page-item-13771\"><a href=\"https:\/\/baumgarten-bootsbau.de\/da\/udvidelsesvarianter\/baadskrog-af-hoerfiber-rorindsats-interioerbeslag\/\">B\u00e5dskrog af h\u00f8rfiber, rorindsats Interi\u00f8rbeslag<\/a><\/li><li class=\"elementor-sitemap-item elementor-sitemap-item-page page_item page-item-13983\"><a href=\"https:\/\/baumgarten-bootsbau.de\/da\/bootswiki\/\">Bootswiki<\/a><\/li><li class=\"elementor-sitemap-item elementor-sitemap-item-page page_item page-item-13911\"><a href=\"https:\/\/baumgarten-bootsbau.de\/da\/udvidelsesvarianter\/carbon-kevlar-skrog-sandwich-daek-interioer\/\">Carbon Kevlar skrog, sandwich d\u00e6k interi\u00f8r<\/a><\/li><li class=\"elementor-sitemap-item elementor-sitemap-item-page page_item page-item-13919\"><a href=\"https:\/\/baumgarten-bootsbau.de\/da\/udvidelsesvarianter\/carbon-sandwich-skrog-carbon-sandwich-daek-interioer\/\">Skrog i kulstofsandwich, indvendigt d\u00e6k i kulstofsandwich<\/a><\/li><li class=\"elementor-sitemap-item elementor-sitemap-item-page page_item page-item-13803\"><a href=\"https:\/\/baumgarten-bootsbau.de\/da\/udvidelsesvarianter\/grp-baadskrog-rorindsats-indvendige-beslag\/\">GRP-skrog, GRP-sandwichd\u00e6k<\/a><\/li><li class=\"elementor-sitemap-item elementor-sitemap-item-page page_item page-item-13838\"><a href=\"https:\/\/baumgarten-bootsbau.de\/da\/udvidelsesvarianter\/carbon-kevlar-skrog-lukket\/\">Carbon Kevlar skrog, lukket<\/a><\/li><li class=\"elementor-sitemap-item elementor-sitemap-item-page page_item page-item-13825\"><a href=\"https:\/\/baumgarten-bootsbau.de\/da\/udvidelsesvarianter\/grp-baadskrog-lukket\/\">GRP b\u00e5dskrog, lukket<\/a><\/li><li class=\"elementor-sitemap-item elementor-sitemap-item-page page_item page-item-13810\"><a href=\"https:\/\/baumgarten-bootsbau.de\/da\/udvidelsesvarianter\/carbon-kevlar-skrog-rorindsats-indvendige-beslag\/\">Carbon Kevlar skrog, rorindsats Indvendige beslag<\/a><\/li><li class=\"elementor-sitemap-item elementor-sitemap-item-page page_item page-item-13909\"><a href=\"https:\/\/baumgarten-bootsbau.de\/da\/udvidelsesvarianter\/carbon-kevlar-skrog-traeinterioer\/\">Carbon Kevlar-skrog, tr\u00e6interi\u00f8r<\/a><\/li><li class=\"elementor-sitemap-item elementor-sitemap-item-page page_item page-item-13601\"><a href=\"https:\/\/baumgarten-bootsbau.de\/da\/udvidelsesvarianter\/\">Udvidelsesvarianter<\/a><\/li><li class=\"elementor-sitemap-item elementor-sitemap-item-page page_item page-item-13841\"><a href=\"https:\/\/baumgarten-bootsbau.de\/da\/udvidelsesvarianter\/grp-skrog-traeinterioer\/\">GRP-skrog, tr\u00e6interi\u00f8r<\/a><\/li><li class=\"elementor-sitemap-item elementor-sitemap-item-page page_item page-item-13746\"><a href=\"https:\/\/baumgarten-bootsbau.de\/da\/forhandlere\/\">Forhandlere<\/a><\/li><li class=\"elementor-sitemap-item elementor-sitemap-item-page page_item page-item-13921\"><a href=\"https:\/\/baumgarten-bootsbau.de\/da\/baadraadgiver\/\">B\u00e5dr\u00e5dgiver<\/a><\/li><li class=\"elementor-sitemap-item elementor-sitemap-item-page page_item page-item-13769\"><a href=\"https:\/\/baumgarten-bootsbau.de\/da\/cookie-richtlinie-eu-2\/\">Cookie-Richtlinie (EU)<\/a><\/li><li class=\"elementor-sitemap-item elementor-sitemap-item-page page_item page-item-13595\"><a href=\"https:\/\/baumgarten-bootsbau.de\/da\/agb-2\/\">AGB<\/a><\/li><li class=\"elementor-sitemap-item elementor-sitemap-item-page page_item page-item-13741\"><a href=\"https:\/\/baumgarten-bootsbau.de\/da\/impressum-2\/\">Impressum<\/a><\/li><li class=\"elementor-sitemap-item elementor-sitemap-item-page page_item page-item-13765\"><a href=\"https:\/\/baumgarten-bootsbau.de\/da\/databeskyttelse\/\">Databeskyttelse<\/a><\/li><li class=\"elementor-sitemap-item elementor-sitemap-item-page page_item page-item-13626\"><a href=\"https:\/\/baumgarten-bootsbau.de\/da\/reparationsservice\/\">Reparationsservice<\/a><\/li><li class=\"elementor-sitemap-item elementor-sitemap-item-page page_item page-item-13981\"><a href=\"https:\/\/baumgarten-bootsbau.de\/da\/baadtyper\/\">B\u00e5dtyper<\/a><\/li><li class=\"elementor-sitemap-item elementor-sitemap-item-page page_item page-item-13732\"><a href=\"https:\/\/baumgarten-bootsbau.de\/da\/karriere\/\">Karriere<\/a><\/li><li class=\"elementor-sitemap-item elementor-sitemap-item-page page_item page-item-13717\"><a href=\"https:\/\/baumgarten-bootsbau.de\/da\/kontakt\/\">Kontakt<\/a><\/li><li class=\"elementor-sitemap-item elementor-sitemap-item-page page_item page-item-13639\"><a href=\"https:\/\/baumgarten-bootsbau.de\/da\/virksomhed\/\">Virksomhed<\/a><\/li><li class=\"elementor-sitemap-item elementor-sitemap-item-page page_item page-item-13669\"><a href=\"https:\/\/baumgarten-bootsbau.de\/da\/\">Velkommen<\/a><\/li><\/ul><\/div><div class=\"elementor-sitemap-section\"><h2 class=\"elementor-sitemap-title elementor-sitemap-news_tax-title\">News Kategorien<\/h2><ul class=\"elementor-sitemap-list elementor-sitemap-news_tax-list\">\t<li class=\"elementor-sitemap-item elementor-sitemap-item-news_tax cat-item cat-item-232\"><a href=\"https:\/\/baumgarten-bootsbau.de\/da\/Aktuelles\/wing-rigge\/\">Wing rigge<\/a>\n<\/li>\n\t<li class=\"elementor-sitemap-item elementor-sitemap-item-news_tax cat-item cat-item-201\"><a href=\"https:\/\/baumgarten-bootsbau.de\/da\/Aktuelles\/vandsport\/\">Vandsport<\/a>\n<\/li>\n\t<li class=\"elementor-sitemap-item elementor-sitemap-item-news_tax cat-item cat-item-166\"><a href=\"https:\/\/baumgarten-bootsbau.de\/da\/Aktuelles\/udvidelse-af-produktionshal\/\">Udvidelse af produktionshal<\/a>\n<\/li>\n\t<li class=\"elementor-sitemap-item elementor-sitemap-item-news_tax cat-item cat-item-223\"><a href=\"https:\/\/baumgarten-bootsbau.de\/da\/Aktuelles\/trimmi\/\">Trimmi<\/a>\n<\/li>\n\t<li class=\"elementor-sitemap-item elementor-sitemap-item-news_tax cat-item cat-item-224\"><a href=\"https:\/\/baumgarten-bootsbau.de\/da\/Aktuelles\/traeningsbaad\/\">Tr\u00e6ningsb\u00e5d<\/a>\n<\/li>\n\t<li class=\"elementor-sitemap-item elementor-sitemap-item-news_tax cat-item cat-item-217\"><a href=\"https:\/\/baumgarten-bootsbau.de\/da\/Aktuelles\/sportsbaad-til-roning\/\">Sportsb\u00e5d til roning<\/a>\n<\/li>\n\t<li class=\"elementor-sitemap-item elementor-sitemap-item-news_tax cat-item cat-item-198\"><a href=\"https:\/\/baumgarten-bootsbau.de\/da\/Aktuelles\/sovekabine\/\">Sovekabine<\/a>\n<\/li>\n\t<li class=\"elementor-sitemap-item elementor-sitemap-item-news_tax cat-item cat-item-180\"><a href=\"https:\/\/baumgarten-bootsbau.de\/da\/Aktuelles\/seminar-reparationer\/\">Seminar reparationer<\/a>\n<\/li>\n\t<li class=\"elementor-sitemap-item elementor-sitemap-item-news_tax cat-item cat-item-242\"><a href=\"https:\/\/baumgarten-bootsbau.de\/da\/Aktuelles\/sandwich-skrog\/\">Sandwich-skrog<\/a>\n<\/li>\n\t<li class=\"elementor-sitemap-item elementor-sitemap-item-news_tax cat-item cat-item-241\"><a href=\"https:\/\/baumgarten-bootsbau.de\/da\/Aktuelles\/rs-klassisk\/\">RS-Klassisk<\/a>\n<\/li>\n\t<li class=\"elementor-sitemap-item elementor-sitemap-item-news_tax cat-item cat-item-233\"><a href=\"https:\/\/baumgarten-bootsbau.de\/da\/Aktuelles\/rs-class\/\">RS-Class<\/a>\n<\/li>\n\t<li class=\"elementor-sitemap-item elementor-sitemap-item-news_tax cat-item cat-item-199\"><a href=\"https:\/\/baumgarten-bootsbau.de\/da\/Aktuelles\/roning-ved-kysten\/\">Roning ved kysten<\/a>\n<\/li>\n\t<li class=\"elementor-sitemap-item elementor-sitemap-item-news_tax cat-item cat-item-202\"><a href=\"https:\/\/baumgarten-bootsbau.de\/da\/Aktuelles\/roning\/\">Roning<\/a>\n<\/li>\n\t<li class=\"elementor-sitemap-item elementor-sitemap-item-news_tax cat-item cat-item-243\"><a href=\"https:\/\/baumgarten-bootsbau.de\/da\/Aktuelles\/robaad-i-kulfiber\/\">Rob\u00e5d i kulfiber<\/a>\n<\/li>\n\t<li class=\"elementor-sitemap-item elementor-sitemap-item-news_tax cat-item cat-item-197\"><a href=\"https:\/\/baumgarten-bootsbau.de\/da\/Aktuelles\/robaad\/\">Rob\u00e5d<\/a>\n<\/li>\n\t<li class=\"elementor-sitemap-item elementor-sitemap-item-news_tax cat-item cat-item-181\"><a href=\"https:\/\/baumgarten-bootsbau.de\/da\/Aktuelles\/reparation-af-robaade\/\">Reparation af rob\u00e5de<\/a>\n<\/li>\n\t<li class=\"elementor-sitemap-item elementor-sitemap-item-news_tax cat-item cat-item-218\"><a href=\"https:\/\/baumgarten-bootsbau.de\/da\/Aktuelles\/rekreativ-robaad\/\">Rekreativ rob\u00e5d<\/a>\n<\/li>\n\t<li class=\"elementor-sitemap-item elementor-sitemap-item-news_tax cat-item cat-item-200\"><a href=\"https:\/\/baumgarten-bootsbau.de\/da\/Aktuelles\/rejsende-roning\/\">Rejsende roning<\/a>\n<\/li>\n\t<li class=\"elementor-sitemap-item elementor-sitemap-item-news_tax cat-item cat-item-225\"><a href=\"https:\/\/baumgarten-bootsbau.de\/da\/Aktuelles\/rejsende-robaad\/\">Rejsende rob\u00e5d<\/a>\n<\/li>\n\t<li class=\"elementor-sitemap-item elementor-sitemap-item-news_tax cat-item cat-item-234\"><a href=\"https:\/\/baumgarten-bootsbau.de\/da\/Aktuelles\/racerrobaad\/\">Racerrob\u00e5d<\/a>\n<\/li>\n\t<li class=\"elementor-sitemap-item elementor-sitemap-item-news_tax cat-item cat-item-219\"><a href=\"https:\/\/baumgarten-bootsbau.de\/da\/Aktuelles\/racerbaad-til-roning\/\">Racerb\u00e5d til roning<\/a>\n<\/li>\n\t<li class=\"elementor-sitemap-item elementor-sitemap-item-news_tax cat-item cat-item-161\"><a href=\"https:\/\/baumgarten-bootsbau.de\/da\/Aktuelles\/presse-da\/\">Presse<\/a>\n<\/li>\n\t<li class=\"elementor-sitemap-item elementor-sitemap-item-news_tax cat-item cat-item-183\"><a href=\"https:\/\/baumgarten-bootsbau.de\/da\/Aktuelles\/maling-af-robaade\/\">Maling af rob\u00e5de<\/a>\n<\/li>\n\t<li class=\"elementor-sitemap-item elementor-sitemap-item-news_tax cat-item cat-item-182\"><a href=\"https:\/\/baumgarten-bootsbau.de\/da\/Aktuelles\/laminering-af-robaade\/\">Laminering af rob\u00e5de<\/a>\n<\/li>\n\t<li class=\"elementor-sitemap-item elementor-sitemap-item-news_tax cat-item cat-item-203\"><a href=\"https:\/\/baumgarten-bootsbau.de\/da\/Aktuelles\/kystnaer-roning\/\">Kystn\u00e6r roning<\/a>\n<\/li>\n\t<li class=\"elementor-sitemap-item elementor-sitemap-item-news_tax cat-item cat-item-144\"><a href=\"https:\/\/baumgarten-bootsbau.de\/da\/Aktuelles\/kyst-robaade\/\">Kyst rob\u00e5de<\/a>\n<\/li>\n\t<li class=\"elementor-sitemap-item elementor-sitemap-item-news_tax cat-item cat-item-147\"><a href=\"https:\/\/baumgarten-bootsbau.de\/da\/Aktuelles\/klubbaade\/\">Klubb\u00e5de<\/a>\n<\/li>\n\t<li class=\"elementor-sitemap-item elementor-sitemap-item-news_tax cat-item cat-item-145\"><a href=\"https:\/\/baumgarten-bootsbau.de\/da\/Aktuelles\/fritidsbaade\/\">Fritidsb\u00e5de<\/a>\n<\/li>\n\t<li class=\"elementor-sitemap-item elementor-sitemap-item-news_tax cat-item cat-item-167\"><a href=\"https:\/\/baumgarten-bootsbau.de\/da\/Aktuelles\/baumgarten-udvider\/\">Baumgarten udvider<\/a>\n<\/li>\n\t<li class=\"elementor-sitemap-item elementor-sitemap-item-news_tax cat-item cat-item-168\"><a href=\"https:\/\/baumgarten-bootsbau.de\/da\/Aktuelles\/baumgarten-bootsbau-udvider\/\">Baumgarten Bootsbau udvider<\/a>\n<\/li>\n\t<li class=\"elementor-sitemap-item elementor-sitemap-item-news_tax cat-item cat-item-169\"><a href=\"https:\/\/baumgarten-bootsbau.de\/da\/Aktuelles\/baumgarten-bootsbau-udvider-da\/\">Baumgarten Bootsbau udvider<\/a>\n<\/li>\n\t<li class=\"elementor-sitemap-item elementor-sitemap-item-news_tax cat-item cat-item-179\"><a href=\"https:\/\/baumgarten-bootsbau.de\/da\/Aktuelles\/baad-reparationer\/\">B\u00e5d reparationer<\/a>\n<\/li>\n<\/ul><\/div><div class=\"elementor-sitemap-section\"><h2 class=\"elementor-sitemap-title elementor-sitemap-boot_tax-title\">Bootstypen<\/h2><ul class=\"elementor-sitemap-list elementor-sitemap-boot_tax-list\">\t<li class=\"elementor-sitemap-item elementor-sitemap-item-boot_tax cat-item cat-item-134\"><a href=\"https:\/\/baumgarten-bootsbau.de\/da\/Boottypen\/wherry-da\/\">Wherry<\/a>\n<\/li>\n\t<li class=\"elementor-sitemap-item elementor-sitemap-item-boot_tax cat-item cat-item-132\"><a href=\"https:\/\/baumgarten-bootsbau.de\/da\/Boottypen\/training-da\/\">Training<\/a>\n<\/li>\n\t<li class=\"elementor-sitemap-item elementor-sitemap-item-boot_tax cat-item cat-item-131\"><a href=\"https:\/\/baumgarten-bootsbau.de\/da\/Boottypen\/rojolle\/\">rojolle<\/a>\n<\/li>\n\t<li class=\"elementor-sitemap-item elementor-sitemap-item-boot_tax cat-item cat-item-130\"><a href=\"https:\/\/baumgarten-bootsbau.de\/da\/Boottypen\/inrigger-da\/\">Inrigger<\/a>\n<\/li>\n\t<li class=\"elementor-sitemap-item elementor-sitemap-item-boot_tax cat-item cat-item-136\"><a href=\"https:\/\/baumgarten-bootsbau.de\/da\/Boottypen\/gigracer-da\/\">GigRacer<\/a>\n<\/li>\n\t<li class=\"elementor-sitemap-item elementor-sitemap-item-boot_tax cat-item cat-item-133\"><a href=\"https:\/\/baumgarten-bootsbau.de\/da\/Boottypen\/fun-trainer-trimmi\/\">Fun Trainer \/ Trimmi<\/a>\n<\/li>\n\t<li class=\"elementor-sitemap-item elementor-sitemap-item-boot_tax cat-item cat-item-135\"><a href=\"https:\/\/baumgarten-bootsbau.de\/da\/Boottypen\/e-gigbaad\/\">E-Gigb\u00e5d<\/a>\n<\/li>\n\t<li class=\"elementor-sitemap-item elementor-sitemap-item-boot_tax cat-item cat-item-137\"><a href=\"https:\/\/baumgarten-bootsbau.de\/da\/Boottypen\/d-gigbaad\/\">D-Gigb\u00e5d<\/a>\n<\/li>\n\t<li class=\"elementor-sitemap-item elementor-sitemap-item-boot_tax cat-item cat-item-138\"><a href=\"https:\/\/baumgarten-bootsbau.de\/da\/Boottypen\/coastal-da\/\">Coastal<\/a>\n<\/li>\n\t<li class=\"elementor-sitemap-item elementor-sitemap-item-boot_tax cat-item cat-item-139\"><a href=\"https:\/\/baumgarten-bootsbau.de\/da\/Boottypen\/c-gigbaad\/\">C-Gigb\u00e5d<\/a>\n<\/li>\n\t<li class=\"elementor-sitemap-item elementor-sitemap-item-boot_tax cat-item cat-item-129\"><a href=\"https:\/\/baumgarten-bootsbau.de\/da\/Boottypen\/b-gigbaad\/\">B-Gigb\u00e5d<\/a>\n<\/li>\n<\/ul><\/div><\/div>\t\t\t\t<\/div>\n\t\t\t\t<\/div>\n\t\t\t\t\t<\/div>\n\t\t<\/div>\n\t\t\t\t\t<\/div>\n\t\t<\/section>\n\t\t\t\t<\/div>\n\t\t","protected":false},"excerpt":{"rendered":"","protected":false},"author":1,"featured_media":0,"parent":0,"menu_order":0,"comment_status":"closed","ping_status":"closed","template":"elementor_header_footer","meta":{"footnotes":""},"class_list":["post-16810","page","type-page","status-publish","hentry"],"_links":{"self":[{"href":"https:\/\/baumgarten-bootsbau.de\/da\/wp-json\/wp\/v2\/pages\/16810","targetHints":{"allow":["GET"]}}],"collection":[{"href":"https:\/\/baumgarten-bootsbau.de\/da\/wp-json\/wp\/v2\/pages"}],"about":[{"href":"https:\/\/baumgarten-bootsbau.de\/da\/wp-json\/wp\/v2\/types\/page"}],"author":[{"embeddable":true,"href":"https:\/\/baumgarten-bootsbau.de\/da\/wp-json\/wp\/v2\/users\/1"}],"replies":[{"embeddable":true,"href":"https:\/\/baumgarten-bootsbau.de\/da\/wp-json\/wp\/v2\/comments?post=16810"}],"version-history":[{"count":1,"href":"https:\/\/baumgarten-bootsbau.de\/da\/wp-json\/wp\/v2\/pages\/16810\/revisions"}],"predecessor-version":[{"id":16811,"href":"https:\/\/baumgarten-bootsbau.de\/da\/wp-json\/wp\/v2\/pages\/16810\/revisions\/16811"}],"wp:attachment":[{"href":"https:\/\/baumgarten-bootsbau.de\/da\/wp-json\/wp\/v2\/media?parent=16810"}],"curies":[{"name":"wp","href":"https:\/\/api.w.org\/{rel}","templated":true}]}}