{"id":12886,"date":"2021-05-04T07:48:09","date_gmt":"2021-05-04T06:48:09","guid":{"rendered":"https:\/\/baumgarten-bootsbau.de\/agb\/"},"modified":"2024-10-09T08:53:21","modified_gmt":"2024-10-09T07:53:21","slug":"agb","status":"publish","type":"page","link":"https:\/\/baumgarten-bootsbau.de\/en\/agb\/","title":{"rendered":"AGB"},"content":{"rendered":"\t\t<div data-elementor-type=\"wp-post\" data-elementor-id=\"12886\" class=\"elementor elementor-12886 elementor-7701\" data-elementor-post-type=\"page\">\n\t\t\t\t\t\t<section class=\"elementor-section elementor-top-section elementor-element elementor-element-444418f elementor-section-height-min-height elementor-section-items-bottom elementor-section-boxed elementor-section-height-default\" data-id=\"444418f\" data-element_type=\"section\" data-e-type=\"section\" data-settings=\"{&quot;jet_parallax_layout_list&quot;:[{&quot;jet_parallax_layout_image&quot;:{&quot;url&quot;:&quot;&quot;,&quot;id&quot;:&quot;&quot;,&quot;size&quot;:&quot;&quot;},&quot;_id&quot;:&quot;4bd1caa&quot;,&quot;jet_parallax_layout_image_tablet&quot;:{&quot;url&quot;:&quot;&quot;,&quot;id&quot;:&quot;&quot;,&quot;size&quot;:&quot;&quot;},&quot;jet_parallax_layout_image_mobile&quot;:{&quot;url&quot;:&quot;&quot;,&quot;id&quot;:&quot;&quot;,&quot;size&quot;:&quot;&quot;},&quot;jet_parallax_layout_speed&quot;:{&quot;unit&quot;:&quot;%&quot;,&quot;size&quot;:50,&quot;sizes&quot;:[]},&quot;jet_parallax_layout_type&quot;:&quot;scroll&quot;,&quot;jet_parallax_layout_direction&quot;:&quot;1&quot;,&quot;jet_parallax_layout_fx_direction&quot;:null,&quot;jet_parallax_layout_z_index&quot;:&quot;&quot;,&quot;jet_parallax_layout_bg_x&quot;:50,&quot;jet_parallax_layout_bg_x_tablet&quot;:&quot;&quot;,&quot;jet_parallax_layout_bg_x_mobile&quot;:&quot;&quot;,&quot;jet_parallax_layout_bg_y&quot;:50,&quot;jet_parallax_layout_bg_y_tablet&quot;:&quot;&quot;,&quot;jet_parallax_layout_bg_y_mobile&quot;:&quot;&quot;,&quot;jet_parallax_layout_bg_size&quot;:&quot;auto&quot;,&quot;jet_parallax_layout_bg_size_tablet&quot;:&quot;&quot;,&quot;jet_parallax_layout_bg_size_mobile&quot;:&quot;&quot;,&quot;jet_parallax_layout_animation_prop&quot;:&quot;transform&quot;,&quot;jet_parallax_layout_on&quot;:[&quot;desktop&quot;,&quot;tablet&quot;]}],&quot;background_background&quot;:&quot;classic&quot;}\">\n\t\t\t\t\t\t<div class=\"elementor-container elementor-column-gap-default\">\n\t\t\t\t\t<div class=\"elementor-column elementor-col-100 elementor-top-column elementor-element elementor-element-893e250\" data-id=\"893e250\" data-element_type=\"column\" data-e-type=\"column\">\n\t\t\t<div class=\"elementor-widget-wrap elementor-element-populated\">\n\t\t\t\t\t\t\t<\/div>\n\t\t<\/div>\n\t\t\t\t\t<\/div>\n\t\t<\/section>\n\t\t\t\t<section class=\"elementor-section elementor-top-section elementor-element elementor-element-ed40fe7 elementor-section-boxed elementor-section-height-default elementor-section-height-default\" data-id=\"ed40fe7\" data-element_type=\"section\" data-e-type=\"section\" data-settings=\"{&quot;jet_parallax_layout_list&quot;:[{&quot;jet_parallax_layout_image&quot;:{&quot;url&quot;:&quot;&quot;,&quot;id&quot;:&quot;&quot;,&quot;size&quot;:&quot;&quot;},&quot;_id&quot;:&quot;f8c7e20&quot;,&quot;jet_parallax_layout_image_tablet&quot;:{&quot;url&quot;:&quot;&quot;,&quot;id&quot;:&quot;&quot;,&quot;size&quot;:&quot;&quot;},&quot;jet_parallax_layout_image_mobile&quot;:{&quot;url&quot;:&quot;&quot;,&quot;id&quot;:&quot;&quot;,&quot;size&quot;:&quot;&quot;},&quot;jet_parallax_layout_speed&quot;:{&quot;unit&quot;:&quot;%&quot;,&quot;size&quot;:50,&quot;sizes&quot;:[]},&quot;jet_parallax_layout_type&quot;:&quot;scroll&quot;,&quot;jet_parallax_layout_direction&quot;:&quot;1&quot;,&quot;jet_parallax_layout_fx_direction&quot;:null,&quot;jet_parallax_layout_z_index&quot;:&quot;&quot;,&quot;jet_parallax_layout_bg_x&quot;:50,&quot;jet_parallax_layout_bg_x_tablet&quot;:&quot;&quot;,&quot;jet_parallax_layout_bg_x_mobile&quot;:&quot;&quot;,&quot;jet_parallax_layout_bg_y&quot;:50,&quot;jet_parallax_layout_bg_y_tablet&quot;:&quot;&quot;,&quot;jet_parallax_layout_bg_y_mobile&quot;:&quot;&quot;,&quot;jet_parallax_layout_bg_size&quot;:&quot;auto&quot;,&quot;jet_parallax_layout_bg_size_tablet&quot;:&quot;&quot;,&quot;jet_parallax_layout_bg_size_mobile&quot;:&quot;&quot;,&quot;jet_parallax_layout_animation_prop&quot;:&quot;transform&quot;,&quot;jet_parallax_layout_on&quot;:[&quot;desktop&quot;,&quot;tablet&quot;]}],&quot;background_background&quot;:&quot;classic&quot;}\">\n\t\t\t\t\t\t<div class=\"elementor-container elementor-column-gap-default\">\n\t\t\t\t\t<div class=\"elementor-column elementor-col-100 elementor-top-column elementor-element elementor-element-fda2dcf\" data-id=\"fda2dcf\" data-element_type=\"column\" data-e-type=\"column\">\n\t\t\t<div class=\"elementor-widget-wrap elementor-element-populated\">\n\t\t\t\t\t\t<div class=\"elementor-element elementor-element-c82dbdb elementor-widget elementor-widget-jet-breadcrumbs\" data-id=\"c82dbdb\" data-element_type=\"widget\" data-e-type=\"widget\" data-widget_type=\"jet-breadcrumbs.default\">\n\t\t\t\t<div class=\"elementor-widget-container\">\n\t\t\t\t\t<div class=\"elementor-jet-breadcrumbs jet-blocks\">\n\t\t<div class=\"jet-breadcrumbs\">\n\t\t<div class=\"jet-breadcrumbs__content\">\n\t\t<div class=\"jet-breadcrumbs__wrap\"><div class=\"jet-breadcrumbs__item\"><a href=\"https:\/\/baumgarten-bootsbau.de\/en\/\" class=\"jet-breadcrumbs__item-link is-home\" rel=\"home\" title=\"Welcome\">Welcome<\/a><\/div>\n\t\t<\/div>\n\t\t<\/div>\n\t\t<\/div><\/div>\t\t\t\t<\/div>\n\t\t\t\t<\/div>\n\t\t\t\t\t<\/div>\n\t\t<\/div>\n\t\t\t\t\t<\/div>\n\t\t<\/section>\n\t\t\t\t<section class=\"elementor-section elementor-top-section elementor-element elementor-element-712aee24 elementor-section-content-middle elementor-section-boxed elementor-section-height-default elementor-section-height-default\" data-id=\"712aee24\" data-element_type=\"section\" data-e-type=\"section\" data-settings=\"{&quot;jet_parallax_layout_list&quot;:[{&quot;_id&quot;:&quot;eee2acc&quot;,&quot;jet_parallax_layout_image&quot;:{&quot;url&quot;:&quot;&quot;,&quot;id&quot;:&quot;&quot;,&quot;size&quot;:&quot;&quot;},&quot;jet_parallax_layout_image_tablet&quot;:{&quot;url&quot;:&quot;&quot;,&quot;id&quot;:&quot;&quot;,&quot;size&quot;:&quot;&quot;},&quot;jet_parallax_layout_image_mobile&quot;:{&quot;url&quot;:&quot;&quot;,&quot;id&quot;:&quot;&quot;,&quot;size&quot;:&quot;&quot;},&quot;jet_parallax_layout_speed&quot;:{&quot;unit&quot;:&quot;%&quot;,&quot;size&quot;:50,&quot;sizes&quot;:[]},&quot;jet_parallax_layout_type&quot;:&quot;scroll&quot;,&quot;jet_parallax_layout_direction&quot;:&quot;1&quot;,&quot;jet_parallax_layout_fx_direction&quot;:null,&quot;jet_parallax_layout_z_index&quot;:&quot;&quot;,&quot;jet_parallax_layout_bg_x&quot;:50,&quot;jet_parallax_layout_bg_x_tablet&quot;:&quot;&quot;,&quot;jet_parallax_layout_bg_x_mobile&quot;:&quot;&quot;,&quot;jet_parallax_layout_bg_y&quot;:50,&quot;jet_parallax_layout_bg_y_tablet&quot;:&quot;&quot;,&quot;jet_parallax_layout_bg_y_mobile&quot;:&quot;&quot;,&quot;jet_parallax_layout_bg_size&quot;:&quot;auto&quot;,&quot;jet_parallax_layout_bg_size_tablet&quot;:&quot;&quot;,&quot;jet_parallax_layout_bg_size_mobile&quot;:&quot;&quot;,&quot;jet_parallax_layout_animation_prop&quot;:&quot;transform&quot;,&quot;jet_parallax_layout_on&quot;:[&quot;desktop&quot;,&quot;tablet&quot;]}]}\">\n\t\t\t\t\t\t<div class=\"elementor-container elementor-column-gap-no\">\n\t\t\t\t\t<div class=\"elementor-column elementor-col-100 elementor-top-column elementor-element elementor-element-4005c398\" data-id=\"4005c398\" data-element_type=\"column\" data-e-type=\"column\">\n\t\t\t<div class=\"elementor-widget-wrap elementor-element-populated\">\n\t\t\t\t\t\t<div class=\"elementor-element elementor-element-7da52fe elementor-widget elementor-widget-text-editor\" data-id=\"7da52fe\" data-element_type=\"widget\" data-e-type=\"widget\" data-widget_type=\"text-editor.default\">\n\t\t\t\t<div class=\"elementor-widget-container\">\n\t\t\t\t\t\t\t\t\t<p align=\"JUSTIFY\"><span style=\"font-family: Verdana, Tahoma, Arial, Helvetica, Sans-serif, sans-serif;\"><b>1. Allgemeines<\/b><\/span><\/p>\n<p align=\"JUSTIFY\"><span style=\"font-family: Verdana, Tahoma, Arial, Helvetica, Sans-serif, sans-serif;\">Unless otherwise expressly agreed, these General Terms and Conditions shall apply to all transactions and services with us. Abweichende Bedingungen der Kunden, die nicht ausdr\u00fccklich von uns anerkannt sind, sind unverbindlich, auch wenn wir diese nicht ausdr\u00fccklich widersprochen haben.<\/span><\/p>\n<p align=\"JUSTIFY\"><span style=\"font-family: Verdana, Tahoma, Arial, Helvetica, Sans-serif, sans-serif;\"><b>2. Lieferungs- und Leistungsumfang<\/b><\/span><\/p>\n<p align=\"JUSTIFY\"><span style=\"font-family: Verdana, Tahoma, Arial, Helvetica, Sans-serif, sans-serif;\">1. F\u00fcr den Umfang der Lieferungen und Leistungen ist ausschlie\u00dflich die schriftliche Auftragsbest\u00e4tigung der Firma Baumgarten Bootsbau ma\u00dfgebend.<\/span><\/p>\n<p align=\"JUSTIFY\"><span style=\"font-family: Verdana, Tahoma, Arial, Helvetica, Sans-serif, sans-serif;\">2. Die Frist f\u00fcr die Lieferung oder die Erbringung von Leistungen beginnt mit Vertragsabschluss, jedoch fr\u00fchestens mit dem Eingang der vom Besteller unterzeichneten Auftragsbest\u00e4tigung und\/oder der von diesem zu erbringenden Unterlagen, Informationen, Genehmigungen oder Freigaben, insbesondere nicht vor Eingang der vereinbarten Anzahlung.<\/span><\/p>\n<p align=\"JUSTIFY\"><span style=\"font-family: Verdana, Tahoma, Arial, Helvetica, Sans-serif, sans-serif;\">3. Die Lieferungs- und Leistungspflicht verl\u00e4ngert sich angemessen in F\u00e4llen h\u00f6herer Gewalt, Streik, Aussperrung, unzureichende Materialversorgung, Beschr\u00e4nkungen der Energieversorgung, Verz\u00f6gerungen von Lieferanten und sonstigen Auftragnehmern, soweit diese vorbezeichneten Gr\u00fcnde nicht in die Sph\u00e4re der Firma Baumgarten Bootsbau fallen. Die Verl\u00e4ngerung der Leistungs- und Lieferfrist orientiert sich an der Zeitdauer bis zur Beseitigung der genannten Hindernisse. Auf Anspr\u00fcche jedweder Art wegen festgestellter Liefer- und Leistungsverz\u00f6gerung verzichtet der Besteller.<\/span><\/p>\n<p align=\"JUSTIFY\"><span style=\"font-family: Verdana, Tahoma, Arial, Helvetica, Sans-serif, sans-serif;\">4. Sofern die Firma Baumgarten Bootsbau die Nichteinhaltung der Lieferungs- und Leistungszeit zu vertreten hat, ist der Besteller nach Erkl\u00e4rung einer angemessenen Nachfrist zur Durchf\u00fchrung dieser Lieferungen und Leistungen zum R\u00fccktritt vom Vertrag berechtigt. Weitergehende Rechte oder Anspr\u00fcche, insbesondere solche auf Schadenersatz wegen Nichterf\u00fcllung oder versp\u00e4teter Lieferungen und Leistungen, sind nach einer Nachfrist ausgeschlossen, soweit die Firma Baumgarten Bootsbau oder deren gesetzliche Vertreter oder Erf\u00fcllungsgehilfen die \u00dcberschreitung der Liefer- und Leistungsfrist nicht vors\u00e4tzlich oder grob fahrl\u00e4ssig herbeigef\u00fchrt haben.<\/span><\/p>\n<p align=\"JUSTIFY\"><span style=\"font-family: Verdana, Tahoma, Arial, Helvetica, Sans-serif, sans-serif;\"><b>3. Preise<\/b><\/span><\/p>\n<p align=\"JUSTIFY\"><span style=\"font-family: Verdana, Tahoma, Arial, Helvetica, Sans-serif, sans-serif;\">S\u00e4mtliche Preise sind Bruttopreise inklusive der jeweils gesetzlich g\u00fcltigen Mehrwertsteuers\u00e4tze zum Zeitpunkt der Rechnungserstellung.<\/span><\/p>\n<p align=\"JUSTIFY\"><span style=\"font-family: Verdana, Tahoma, Arial, Helvetica, Sans-serif, sans-serif;\">Prices are ex shipyard. Transportation and insurance, i.e. the assumption of risk until delivery, shall be borne by Baumgarten Bootsbau, unless expressly agreed otherwise between the contracting parties.<\/span><\/p>\n<p align=\"JUSTIFY\"><span style=\"font-family: Verdana, Tahoma, Arial, Helvetica, Sans-serif, sans-serif;\">The costs for transport and insurance are generally 400 euros for boat deliveries within Germany, 500 euros for boat deliveries to Austria and Denmark. Lieferkosten in weitere L\u00e4nder nach Vereinbarung.<\/span><\/p>\n<p><span style=\"font-family: Verdana, Tahoma, Arial, Helvetica, Sans-serif, sans-serif;\">Der \u00fcber die Anzahlung hinaus gehende Rechnungsbetrag ist Zug um Zug mit der Lieferung zu zahlen. Nebenkosten, Verpackung, etc. sind im Preis nicht enthalten und gehen zu Lasten des Bestellers.<\/span><\/p>\n<p align=\"JUSTIFY\"><span style=\"font-family: Verdana, Tahoma, Arial, Helvetica, Sans-serif, sans-serif;\"><b>4. Zahlungsbedingungen<\/b><\/span><\/p>\n<p align=\"JUSTIFY\"><span style=\"font-family: Verdana, Tahoma, Arial, Helvetica, Sans-serif, sans-serif;\">Bei Vertragsabschluss ist die H\u00e4lfte der Kaufsumme zu zahlen. Der verbleibende Betrag ist grunds\u00e4tzlich bei Lieferung ohne weiteren Abzug zu zahlen. Bei Auslandslieferung ist der verbleibende Restbetrag vor Lieferung zu zahlen. Deutsche Vereinskunden zahlen 25% Anzahlung, Rest 7 Tage nach Lieferung Netto.<\/span><\/p>\n<p align=\"JUSTIFY\"><span style=\"font-family: Verdana, Tahoma, Arial, Helvetica, Sans-serif, sans-serif;\">Bei Zahlungsverzug sind vorbehaltlich weiterer Rechte Verzugszinsen durch den Besteller in H\u00f6he von 5 % \u00fcber den Bundesbankdiskontsatz zu zahlen. Der Nachweis eines h\u00f6heren Verzugsschadens bleibt der Firma Baumgarten Bootsbau vorbehalten.<\/span><\/p>\n<p align=\"JUSTIFY\"><span style=\"font-family: Verdana, Tahoma, Arial, Helvetica, Sans-serif, sans-serif;\">Aufrechnungs- und Zur\u00fcckbehaltungsrechte wegen f\u00e4lliger Anspr\u00fcche aus fr\u00fcheren oder anderen Vertragsverh\u00e4ltnissen zwischen der Firma Baumgarten Bootsbau und dem Besteller sind ausgeschlossen, soweit es sich nicht um unbestrittene oder rechtskr\u00e4ftig festgestellte Forderungen handelt.<\/span><\/p>\n<p align=\"JUSTIFY\"><span style=\"font-family: Verdana, Tahoma, Arial, Helvetica, Sans-serif, sans-serif;\"><b>5. Eigentumsvorbehalt<\/b><\/span><\/p>\n<p align=\"JUSTIFY\"><span style=\"font-family: Verdana, Tahoma, Arial, Helvetica, Sans-serif, sans-serif;\">Bis zur Begleichung aller aus dem Vertrag bestehenden Anspr\u00fcche durch den Besteller, bleibt die Firma Baumgarten Bootsbau Eigent\u00fcmerin der gelieferten Ware. Bis zu diesem Zeitpunkt sind Verf\u00fcgungen \u00fcber die Vorbehaltsware (insbesondere Verpf\u00e4ndungen, Sicherungs\u00fcbereignungen, etc.) rechtlich untersagt.<\/span><\/p>\n<p align=\"JUSTIFY\"><span style=\"font-family: Verdana, Tahoma, Arial, Helvetica, Sans-serif, sans-serif;\"><b>6. M\u00e4ngelhaftung und Gew\u00e4hrleistung<\/b><\/span><\/p>\n<p align=\"JUSTIFY\"><span style=\"font-family: Verdana, Tahoma, Arial, Helvetica, Sans-serif, sans-serif;\">Alle offensichtlichen M\u00e4ngel sind der Firma Baumgarten Bootsbau sp\u00e4testens innerhalb von zwei Wochen nach Lieferung oder Leistungserbringung schriftlich anzuzeigen. Das Unterlassen der Anzeige f\u00fchrt zur Verwirkung der Gew\u00e4hrleistungsanspr\u00fcche. Soweit der Besteller Kaufmann ist, gelten die im kaufm\u00e4nnischen Gesch\u00e4ftsverkehr ma\u00dfgeblichen Bestimmungen der Untersuchungs- und R\u00fcgepflicht.<\/span><\/p>\n<p align=\"JUSTIFY\"><span style=\"font-family: Verdana, Tahoma, Arial, Helvetica, Sans-serif, sans-serif;\">Bei berechtigten Beanstandungen verpflichtet sich die Firma Baumgarten Bootsbau unter Ausschluss weitergehender Anspr\u00fcche nach deren Wahl zur Ersatzlieferung, Nachbesserung oder Umtausch schadhafter Teile. Die Gew\u00e4hrleistungshaftung von der Firma Baumgarten Bootsbau ist ausgeschlossen, wenn w\u00e4hrend der Gew\u00e4hrleistungszeit ohne Zustimmung der Firma Baumgarten Bootsbau Dritte den Liefergegenstand ver\u00e4ndern, bearbeiten oder die Leistungen in einer Weise ver\u00e4ndern, sodass sie nicht mehr dem origin\u00e4ren Leistungszustand der Firma Baumgarten Bootsbau entsprechen.<\/span><\/p>\n<p align=\"JUSTIFY\"><span style=\"font-family: Verdana, Tahoma, Arial, Helvetica, Sans-serif, sans-serif;\">Die Firma Baumgarten Bootsbau gew\u00e4hrt 3 Jahre Garantie auf Ihre Boote. F\u00fcr Zubeh\u00f6rteile gilt die gesetzliche Gew\u00e4hrleistungspflicht.<\/span><\/p>\n<p align=\"JUSTIFY\"><span style=\"font-family: Verdana, Tahoma, Arial, Helvetica, Sans-serif, sans-serif;\">Sch\u00e4den, die nach Gefahren\u00fcbergang infolge nat\u00fcrlicher Abnutzung fehlerhaft oder nachl\u00e4ssiger Behandlung oder nicht bestimmungsgem\u00e4\u00dfer Verwendung sowie \u00fcberm\u00e4\u00dfiger Beanspruchung entstehen, begr\u00fcnden keine gew\u00e4hrleistungspflichtigen M\u00e4ngel.<\/span><\/p>\n<p align=\"JUSTIFY\"><span style=\"font-family: Verdana, Tahoma, Arial, Helvetica, Sans-serif, sans-serif;\"><b>7. Haftung<\/b><\/span><\/p>\n<p align=\"JUSTIFY\"><span style=\"font-family: Verdana, Tahoma, Arial, Helvetica, Sans-serif, sans-serif;\">Die Firma Baumgarten Bootsbau haftet auf Schadenersatz wegen M\u00e4ngelfolgesch\u00e4den, positiver Vertragsverletzung und Verschulden bei Vertragsabschluss f\u00fcr seine und seine Erf\u00fcllungs- und Verrichtungsgehilfen verursachten Sch\u00e4den nur insoweit, als diese vors\u00e4tzlich oder grob fahrl\u00e4ssig verursacht worden sind.<\/span><\/p>\n<p align=\"JUSTIFY\"><span style=\"font-family: Verdana, Tahoma, Arial, Helvetica, Sans-serif, sans-serif;\"><b>8. final provisions<\/b><\/span><\/p>\n<p align=\"JUSTIFY\"><span style=\"font-family: Verdana, Tahoma, Arial, Helvetica, Sans-serif, sans-serif;\">Sollten einige Regelungen dieser Bedingungen nicht wirksam sein, so bleibt die Wirksamkeit anderer Bedingungen hiervon unber\u00fchrt.<\/span><\/p>\n<p align=\"JUSTIFY\"><span style=\"font-family: Verdana, Tahoma, Arial, Helvetica, Sans-serif, sans-serif;\">Die Vertragsbeziehungen zwischen Firma Baumgarten Bootsbau und dem Besteller unterliegen ausschlie\u00dflich deutschem Recht. Die Aufhebung, Erg\u00e4nzung oder sonstige \u00c4nderungen des Vertrages bedarf zur Wirksamkeit der Schriftform.<\/span><\/p>\n<p align=\"JUSTIFY\"><span style=\"font-family: Verdana, Tahoma, Arial, Helvetica, Sans-serif, sans-serif;\">F\u00fcr Streitigkeiten mit dem Besteller aus den Vertr\u00e4gen \u00fcber Lieferungen und Leistungen ist ausschlie\u00dflich der Gerichtsstand Wismar vereinbart. Dies gilt auch f\u00fcr Wechsel- und Scheckklagen. Die Firma Baumgarten Bootsbau ist au\u00dferdem berechtigt, den Besteller auch an seinem allgemeinen ordentlichen Gerichtsstand zu verklagen.<\/span><\/p>\n\t\t\t\t\t\t\t\t<\/div>\n\t\t\t\t<\/div>\n\t\t\t\t\t<\/div>\n\t\t<\/div>\n\t\t\t\t\t<\/div>\n\t\t<\/section>\n\t\t\t\t<\/div>\n\t\t","protected":false},"excerpt":{"rendered":"<p>Willkommen 1. Allgemeines Unless otherwise expressly agreed, these General Terms and Conditions shall apply to all transactions and services with us. Abweichende Bedingungen der Kunden, die nicht ausdr\u00fccklich von uns anerkannt sind, sind unverbindlich, auch wenn wir diese nicht ausdr\u00fccklich widersprochen haben. 2. Lieferungs- und Leistungsumfang 1. F\u00fcr den Umfang der Lieferungen und Leistungen ist [&hellip;]<\/p>\n","protected":false},"author":1,"featured_media":0,"parent":0,"menu_order":0,"comment_status":"closed","ping_status":"closed","template":"elementor_header_footer","meta":{"footnotes":""},"class_list":["post-12886","page","type-page","status-publish","hentry"],"_links":{"self":[{"href":"https:\/\/baumgarten-bootsbau.de\/en\/wp-json\/wp\/v2\/pages\/12886","targetHints":{"allow":["GET"]}}],"collection":[{"href":"https:\/\/baumgarten-bootsbau.de\/en\/wp-json\/wp\/v2\/pages"}],"about":[{"href":"https:\/\/baumgarten-bootsbau.de\/en\/wp-json\/wp\/v2\/types\/page"}],"author":[{"embeddable":true,"href":"https:\/\/baumgarten-bootsbau.de\/en\/wp-json\/wp\/v2\/users\/1"}],"replies":[{"embeddable":true,"href":"https:\/\/baumgarten-bootsbau.de\/en\/wp-json\/wp\/v2\/comments?post=12886"}],"version-history":[{"count":11,"href":"https:\/\/baumgarten-bootsbau.de\/en\/wp-json\/wp\/v2\/pages\/12886\/revisions"}],"predecessor-version":[{"id":20198,"href":"https:\/\/baumgarten-bootsbau.de\/en\/wp-json\/wp\/v2\/pages\/12886\/revisions\/20198"}],"wp:attachment":[{"href":"https:\/\/baumgarten-bootsbau.de\/en\/wp-json\/wp\/v2\/media?parent=12886"}],"curies":[{"name":"wp","href":"https:\/\/api.w.org\/{rel}","templated":true}]}}